{"id":425,"date":"2024-09-02T19:33:22","date_gmt":"2024-09-02T18:33:22","guid":{"rendered":"https:\/\/base.thebluegrow.com\/?page_id=425"},"modified":"2025-12-17T10:51:00","modified_gmt":"2025-12-17T10:51:00","slug":"cookie-policy","status":"publish","type":"page","link":"https:\/\/lasmargaritasbananaexperience.com\/en\/cookie-policy\/","title":{"rendered":"Cookie Policy"},"content":{"rendered":"<style>.elementor-425 .elementor-element.elementor-element-2c61d4a7{--display:flex;--margin-top:80px;--margin-bottom:0px;--margin-left:0px;--margin-right:0px;}:root{--page-title-display:none;}<\/style>\t\t<div data-elementor-type=\"wp-page\" data-elementor-id=\"425\" class=\"elementor elementor-425\" data-elementor-post-type=\"page\">\n\t\t\t\t<div class=\"elementor-element elementor-element-2c61d4a7 e-flex e-con-boxed e-con e-parent\" data-id=\"2c61d4a7\" data-element_type=\"container\" data-e-type=\"container\">\n\t\t\t\t\t<div class=\"e-con-inner\">\n\t\t\t\t<div class=\"elementor-element elementor-element-46e9ca90 elementor-widget elementor-widget-text-editor\" data-id=\"46e9ca90\" data-element_type=\"widget\" data-e-type=\"widget\" data-widget_type=\"text-editor.default\">\n\t\t\t\t\t\t\t\t\t\n<h1 class=\"wp-block-heading\">Cookie Policy<\/h1>\n<h2 id=\"qu-son-las-cookies\" class=\"wp-block-heading\">What are cookies?<\/h2>\n\n<p>A small text file called a \u00abcookie\u00bb is stored on your device's browser when you visit our website. Cookies contain data about your browsing, preferences and customisations. We also include here similar technologies used to collect browsing data.<\/p>\n\n<h2 id=\"para-qu-se-utilizan-las-cookies-en-este-sitio\" class=\"wp-block-heading\">What are cookies used for on this site?<\/h2>\n\n<p>Cookies improve your experience on the website by remembering your preferences (language, country, etc.), facilitating navigation and allowing statistical analysis to optimise the service. With your prior consent, we may also use them to display personalised advertising.<\/p>\n\n<h2 id=\"para-qu-no-se-utilizan-las-cookies\" class=\"wp-block-heading\">What are cookies NOT used for?<\/h2>\n\n<p>We do not store sensitive personal information such as name, address or passwords in cookies.<\/p>\n\n<h2 id=\"quin-usa-la-informacin-almacenada\" class=\"wp-block-heading\">Who uses the stored information?<\/h2>\n\n<p>Primarily by us, except in the case of third party cookies (e.g. Google Analytics), which are managed by external companies to improve your experience and provide statistics.<\/p>\n\n<h2 id=\"cmo-puede-evitar-el-uso-de-cookies\" class=\"wp-block-heading\">How can you prevent the use of cookies?<\/h2>\n\n<p>You can refuse or configure cookies via the banner visible on all pages of the site. You can also manage or delete cookies from your browser settings at any time; instructions for the most common browsers can be found in the links below:<\/p>\n\n<ul class=\"wp-block-list\">\n<li><a href=\"http:\/\/support.mozilla.org\/es\/kb\/habilitar-y-deshabilitar-cookies-que-los-sitios-we\" target=\"_blank\" rel=\"noreferrer noopener nofollow\">Firefox<\/a><\/li>\n\n<li><a href=\"https:\/\/support.google.com\/chrome\/answer\/95647?hl=es\" target=\"_blank\" rel=\"noreferrer noopener nofollow\">Google Chrome<\/a><\/li>\n\n<li><a href=\"https:\/\/support.microsoft.com\/es-es\/help\/17442\/windows-internet-explorer-delete-manage-cookies#ie=%22ie-10\" target=\"_blank\" rel=\"noreferrer noopener nofollow\">Internet Explorer<\/a><\/li>\n\n<li><a href=\"https:\/\/support.microsoft.com\/es-es\/help\/4468242\/microsoft-edge-browsing-data-and-privacy\" target=\"_blank\" rel=\"noreferrer noopener nofollow\">Microsoft Edge<\/a><\/li>\n\n<li><a href=\"http:\/\/support.apple.com\/kb\/HT1677?viewlocale=es_ES\" target=\"_blank\" rel=\"noreferrer noopener nofollow\">Safari<\/a><\/li>\n<\/ul>\n\n<h2 id=\"tipos-de-cookies-utilizadas\" class=\"wp-block-heading\">Types of cookies used<\/h2>\n\n<h2 class=\"wp-block-heading\">Depending on the entity that manages them:<\/h2>\n\n<ul class=\"wp-block-list\">\n<li><strong>Own cookies:<\/strong>\u00a0Sent from our domain to provide the requested service.<\/li>\n\n<li><strong>Third-party cookies:<\/strong>\u00a0Managed by external services for their own purposes (e.g. advertising, analysis).<\/li>\n<\/ul>\n\n<h2 class=\"wp-block-heading\">According to their purpose:<\/h2>\n\n<ul class=\"wp-block-list\">\n<li><strong>Technical cookies:<\/strong>\u00a0Necessary for the navigation and basic functionalities of the site.<\/li>\n\n<li><strong>Analysis cookies:<\/strong>\u00a0They allow usage statistics to be measured and analysed.<\/li>\n\n<li><strong>Preference cookies:<\/strong>\u00a0They store information to personalise your experience (language, format, region).<\/li>\n<\/ul>\n\n<h2 class=\"wp-block-heading\">Depending on activation time:<\/h2>\n\n<ul class=\"wp-block-list\">\n<li><strong>Session cookies:<\/strong>\u00a0They are activated only during your visit and are deleted when you log out.<\/li>\n\n<li><strong>Persistent cookies:<\/strong>\u00a0They remain for a defined period of time to maintain information between visits, with duration limited to the minimum necessary for their purpose and in accordance with legal recommendations.<\/li>\n<\/ul>\n\t\t\t\t\t\t\t\t<\/div>\n\t\t\t\t\t<\/div>\n\t\t\t\t<\/div>\n\t\t\t\t<\/div>","protected":false},"excerpt":{"rendered":"<p>Pol\u00edtica de Cookies \u00bfQu\u00e9 son las cookies? En el navegador de su dispositivo se almacena un peque\u00f1o archivo de texto llamado \u00abcookie\u00bb cuando visita nuestro sitio web. Las cookies contienen datos sobre su navegaci\u00f3n, preferencias y personalizaciones. Incluimos aqu\u00ed tambi\u00e9n tecnolog\u00edas similares usadas para recopilar datos de navegaci\u00f3n. \u00bfPara qu\u00e9 se utilizan las cookies en [&hellip;]<\/p>\n","protected":false},"author":16,"featured_media":0,"parent":0,"menu_order":0,"comment_status":"closed","ping_status":"closed","template":"","meta":{"_acf_changed":false,"footnotes":""},"class_list":["post-425","page","type-page","status-publish","hentry"],"acf":[],"_links":{"self":[{"href":"https:\/\/lasmargaritasbananaexperience.com\/en\/wp-json\/wp\/v2\/pages\/425","targetHints":{"allow":["GET"]}}],"collection":[{"href":"https:\/\/lasmargaritasbananaexperience.com\/en\/wp-json\/wp\/v2\/pages"}],"about":[{"href":"https:\/\/lasmargaritasbananaexperience.com\/en\/wp-json\/wp\/v2\/types\/page"}],"author":[{"embeddable":true,"href":"https:\/\/lasmargaritasbananaexperience.com\/en\/wp-json\/wp\/v2\/users\/16"}],"replies":[{"embeddable":true,"href":"https:\/\/lasmargaritasbananaexperience.com\/en\/wp-json\/wp\/v2\/comments?post=425"}],"version-history":[{"count":5,"href":"https:\/\/lasmargaritasbananaexperience.com\/en\/wp-json\/wp\/v2\/pages\/425\/revisions"}],"predecessor-version":[{"id":1396,"href":"https:\/\/lasmargaritasbananaexperience.com\/en\/wp-json\/wp\/v2\/pages\/425\/revisions\/1396"}],"wp:attachment":[{"href":"https:\/\/lasmargaritasbananaexperience.com\/en\/wp-json\/wp\/v2\/media?parent=425"}],"curies":[{"name":"wp","href":"https:\/\/api.w.org\/{rel}","templated":true}]}}