{"id":1311,"date":"2025-11-28T16:31:11","date_gmt":"2025-11-28T16:31:11","guid":{"rendered":"https:\/\/forestgreen-hamster-930285.hostingersite.com\/?page_id=1311"},"modified":"2026-02-12T18:32:54","modified_gmt":"2026-02-12T18:32:54","slug":"booking-and-cancellation-conditions","status":"publish","type":"page","link":"https:\/\/lasmargaritasbananaexperience.com\/en\/booking-and-cancellation-conditions\/","title":{"rendered":"Booking and cancellation conditions"},"content":{"rendered":"<style>.elementor-1311 .elementor-element.elementor-element-7b48f4b7{--display:flex;--margin-top:80px;--margin-bottom:0px;--margin-left:0px;--margin-right:0px;}:root{--page-title-display:none;}<\/style>\t\t<div data-elementor-type=\"wp-page\" data-elementor-id=\"1311\" class=\"elementor elementor-1311\" data-elementor-post-type=\"page\">\n\t\t\t\t<div class=\"elementor-element elementor-element-7b48f4b7 e-flex e-con-boxed e-con e-parent\" data-id=\"7b48f4b7\" data-element_type=\"container\" data-e-type=\"container\">\n\t\t\t\t\t<div class=\"e-con-inner\">\n\t\t\t\t<div class=\"elementor-element elementor-element-25f365de elementor-widget elementor-widget-text-editor\" data-id=\"25f365de\" data-element_type=\"widget\" data-e-type=\"widget\" data-widget_type=\"text-editor.default\">\n\t\t\t\t\t\t\t\t\t\n<h1>Condiciones de reserva y cancelaci\u00f3n<\/h1>\n<p><strong>\u00daltima actualizaci\u00f3n:<\/strong> 01\/11\/2025<\/p>\n\n<p>En <strong>Finca Las Margaritas Banana Experience<\/strong> queremos que tu visita sea una experiencia inolvidable, relajada y llena de aprendizaje sobre el cultivo del pl\u00e1tano canario. Para poder ofrecer el mejor servicio a todos nuestros visitantes, te explicamos a continuaci\u00f3n c\u00f3mo gestionamos las reservas, cancelaciones y llegadas.<\/p>\n\n<h3 class=\"wp-block-heading\">1. Reservas<\/h3>\n\n<p>Las reservas realizadas a trav\u00e9s de nuestro sitio web o por nuestros canales oficiales sirven \u00fanicamente para <strong>garantizar tu plaza y horario<\/strong>.<br \/><strong>No se realiza ning\u00fan pago online<\/strong>. El importe de la experiencia se abona directamente en la finca, el d\u00eda de la visita en efectivo o por tarjeta.<\/p>\n\n<h3 class=\"wp-block-heading\">2. Cancelaciones o modificaciones por parte del cliente<\/h3>\n\n<p>Sabemos que los planes pueden cambiar. Si necesitas cancelar o modificar tu reserva, solo te pedimos que nos avises con la mayor antelaci\u00f3n posible, para que podamos ofrecer esa plaza a otros visitantes.<\/p>\n\n<p>Cuando te pongas en contacto para cancelar o modificar tu reserva, <strong>por favor indica el n\u00famero de reserva<\/strong>, para poder localizarla r\u00e1pidamente en nuestro sistema.<\/p>\n\n<p>Puedes contactarnos f\u00e1cilmente:<\/p>\n\n<ul class=\"wp-block-list\">\n<li>\ud83d\udce7 <strong><a href=\"mailto:info@lasmargaritasbananaexperience.com\">info@lasmargaritasbananaexperience.com<\/a><\/strong><\/li>\n\n<li>\ud83d\udcde <strong><a href=\"tel:+34623024788\">+34 623 024 788<\/a><\/strong><\/li>\n<\/ul>\n\n<p>No existen cargos ni reembolsos, ya que el pago se realiza en persona el d\u00eda de la actividad.<\/p>\n\n<h3 class=\"wp-block-heading\">3. Cancelaciones por parte de Finca Las Margaritas<\/h3>\n\n<p>Si por motivos de fuerza mayor, condiciones meteorol\u00f3gicas o necesidades operativas fuera necesario cancelar o modificar una visita, te contactaremos lo antes posible para <strong>reprogramar la experiencia en otra fecha<\/strong> que te resulte conveniente.<\/p>\n\n<h3 class=\"wp-block-heading\">4. Llegada y puntualidad<\/h3>\n\n<p class=\"my-2 [&amp;+p]:mt-4 [&amp;_strong:has(+br)]:inline-block [&amp;_strong:has(+br)]:pb-2\">Para asegurar que la visita se desarrolle sin contratiempos, te pedimos llegar al menos 15 minutos antes de la hora reservada.<\/p>\n<p class=\"my-2 [&amp;+p]:mt-4 [&amp;_strong:has(+br)]:inline-block [&amp;_strong:has(+br)]:pb-2\">Las reservas se mantendr\u00e1n activas hasta 10 minutos despu\u00e9s del horario previsto, siendo la\u00a0<strong>\u00faltima entrada permitida a las 11:45h<\/strong>. Pasado ese tiempo, no podremos garantizar la realizaci\u00f3n de la visita.<\/p>\n\n<h3 class=\"wp-block-heading\">5. Contacto<\/h3>\n\n<p>Si tienes cualquier duda o necesitas modificar tu reserva, estamos aqu\u00ed para ayudarte:<\/p>\n\n<ul class=\"wp-block-list\">\n<li>\ud83d\udce7 <strong><a href=\"mailto:info@lasmargaritasbananaexperience.com\">info@lasmargaritasbananaexperience.com<\/a><\/strong><\/li>\n\n<li>\ud83d\udcde <strong><a href=\"tel:+34623024788\">+34 623 024 788<\/a><\/strong><\/li>\n\n<li>\ud83c\udf10 <a href=\"https:\/\/lasmargaritasbananaexperience.com\">https:\/\/lasmargaritasbananaexperience.com<\/a><\/li>\n<\/ul>\n\t\t\t\t\t\t\t\t<\/div>\n\t\t\t\t\t<\/div>\n\t\t\t\t<\/div>\n\t\t\t\t<\/div>\n\t\t","protected":false},"excerpt":{"rendered":"<p>Condiciones de reserva y cancelaci\u00f3n \u00daltima actualizaci\u00f3n: 01\/11\/2025 En Finca Las Margaritas Banana Experience queremos que tu visita sea una experiencia inolvidable, relajada y llena de aprendizaje sobre el cultivo del pl\u00e1tano canario. Para poder ofrecer el mejor servicio a todos nuestros visitantes, te explicamos a continuaci\u00f3n c\u00f3mo gestionamos las reservas, cancelaciones y llegadas. 1. [&hellip;]<\/p>\n","protected":false},"author":16,"featured_media":0,"parent":0,"menu_order":0,"comment_status":"closed","ping_status":"closed","template":"","meta":{"_acf_changed":false,"footnotes":""},"class_list":["post-1311","page","type-page","status-publish","hentry"],"acf":[],"_links":{"self":[{"href":"https:\/\/lasmargaritasbananaexperience.com\/en\/wp-json\/wp\/v2\/pages\/1311","targetHints":{"allow":["GET"]}}],"collection":[{"href":"https:\/\/lasmargaritasbananaexperience.com\/en\/wp-json\/wp\/v2\/pages"}],"about":[{"href":"https:\/\/lasmargaritasbananaexperience.com\/en\/wp-json\/wp\/v2\/types\/page"}],"author":[{"embeddable":true,"href":"https:\/\/lasmargaritasbananaexperience.com\/en\/wp-json\/wp\/v2\/users\/16"}],"replies":[{"embeddable":true,"href":"https:\/\/lasmargaritasbananaexperience.com\/en\/wp-json\/wp\/v2\/comments?post=1311"}],"version-history":[{"count":5,"href":"https:\/\/lasmargaritasbananaexperience.com\/en\/wp-json\/wp\/v2\/pages\/1311\/revisions"}],"predecessor-version":[{"id":1673,"href":"https:\/\/lasmargaritasbananaexperience.com\/en\/wp-json\/wp\/v2\/pages\/1311\/revisions\/1673"}],"wp:attachment":[{"href":"https:\/\/lasmargaritasbananaexperience.com\/en\/wp-json\/wp\/v2\/media?parent=1311"}],"curies":[{"name":"wp","href":"https:\/\/api.w.org\/{rel}","templated":true}]}}